{"id":6792,"date":"2018-12-10T16:01:37","date_gmt":"2018-12-10T16:01:37","guid":{"rendered":"http:\/\/felstrom.ontwikkel.webdesigntilburg.nl\/distributeur-worden\/"},"modified":"2019-10-30T21:12:15","modified_gmt":"2019-10-30T21:12:15","slug":"vertriebspartner-werden","status":"publish","type":"page","link":"https:\/\/www.felstrom.com\/de\/vertriebspartner-werden\/","title":{"rendered":"Vertriebspartner werden"},"content":{"rendered":"<p><strong> M\u00f6chten Sie auch Vertriebspartner von Felstrom<sup>\u00ae<\/sup> werden? &#8211;<\/strong>\u00a0Mit Felstrom ist die Einf\u00fchrung einer neuen Marke ein Kinderspiel. Sie k\u00f6nnen Ihrem Angebot an industriellen Grundkomponenten ganz einfach eine preisattraktive Marke hinzuf\u00fcgen. Eine Bereicherung f\u00fcr Ihre aktuelle Produktpalette, ohne den \u201eAufwand&#8220; einer kompletten Implementierung.<\/p>\n","protected":false},"excerpt":{"rendered":"<p>M\u00f6chten Sie auch Vertriebspartner von Felstrom\u00ae werden? &#8211;\u00a0Mit Felstrom ist die Einf\u00fchrung einer neuen Marke ein Kinderspiel. Sie k\u00f6nnen Ihrem Angebot an industriellen Grundkomponenten ganz einfach eine preisattraktive Marke hinzuf\u00fcgen. Eine Bereicherung f\u00fcr Ihre aktuelle Produktpalette, ohne den \u201eAufwand&#8220; einer kompletten Implementierung.<\/p>\n","protected":false},"author":22,"featured_media":5684,"parent":0,"menu_order":0,"comment_status":"closed","ping_status":"closed","template":"","meta":{"_acf_changed":false,"footnotes":""},"class_list":["post-6792","page","type-page","status-publish","has-post-thumbnail","hentry"],"acf":[],"_links":{"self":[{"href":"https:\/\/www.felstrom.com\/de\/wp-json\/wp\/v2\/pages\/6792","targetHints":{"allow":["GET"]}}],"collection":[{"href":"https:\/\/www.felstrom.com\/de\/wp-json\/wp\/v2\/pages"}],"about":[{"href":"https:\/\/www.felstrom.com\/de\/wp-json\/wp\/v2\/types\/page"}],"author":[{"embeddable":true,"href":"https:\/\/www.felstrom.com\/de\/wp-json\/wp\/v2\/users\/22"}],"replies":[{"embeddable":true,"href":"https:\/\/www.felstrom.com\/de\/wp-json\/wp\/v2\/comments?post=6792"}],"version-history":[{"count":5,"href":"https:\/\/www.felstrom.com\/de\/wp-json\/wp\/v2\/pages\/6792\/revisions"}],"predecessor-version":[{"id":8260,"href":"https:\/\/www.felstrom.com\/de\/wp-json\/wp\/v2\/pages\/6792\/revisions\/8260"}],"wp:featuredmedia":[{"embeddable":true,"href":"https:\/\/www.felstrom.com\/de\/wp-json\/wp\/v2\/media\/5684"}],"wp:attachment":[{"href":"https:\/\/www.felstrom.com\/de\/wp-json\/wp\/v2\/media?parent=6792"}],"curies":[{"name":"wp","href":"https:\/\/api.w.org\/{rel}","templated":true}]}}