{"id":6780,"date":"2018-11-14T14:48:47","date_gmt":"2018-11-14T14:48:47","guid":{"rendered":"http:\/\/felstrom.ontwikkel.webdesigntilburg.nl\/over-felstrom\/"},"modified":"2019-10-30T21:00:34","modified_gmt":"2019-10-30T21:00:34","slug":"ueber-felstrom","status":"publish","type":"page","link":"https:\/\/www.felstrom.com\/de\/ueber-felstrom\/","title":{"rendered":"\u00dcber Felstrom"},"content":{"rendered":"<p><strong>Erstklassige Qualit\u00e4t mit moderner Einfachheit verbinden<\/strong> \u2014 das ist der Anspruch, der zur Gr\u00fcndung von Felstrom<sup>\u00ae<\/sup> im Jahr 2015 f\u00fchrte. Geboren aus langj\u00e4hriger Erfahrung in der Branche und mit dem Wunsch, Produkte zu entwickeln, die f\u00fcr die Anforderungen von morgen bereit sind.<\/p>\n<p>Intelligente Produkte. Sie liefern die Qualit\u00e4t, auf die die Industrie bauen und vertrauen kann und denken aber gleichzeitig auch dar\u00fcber hinaus, und zwar \u00fcber die physikalischen Eigenschaften und technischen Spezifikationen hinaus.<\/p>\n<p>Deshalb nennen wir unsere Produktlinie \u201eIndustrial Essentials&#8220;: Produkte, die mehr bieten, als Sie in allen wesentlichen Bereichen erwarten w\u00fcrden.<\/p>\n","protected":false},"excerpt":{"rendered":"<p>Erstklassige Qualit\u00e4t mit moderner Einfachheit verbinden \u2014 das ist der Anspruch, der zur Gr\u00fcndung von Felstrom\u00ae im Jahr 2015 f\u00fchrte. Geboren aus langj\u00e4hriger Erfahrung in der Branche und mit dem Wunsch, Produkte zu entwickeln, die f\u00fcr die Anforderungen von morgen bereit sind. Intelligente Produkte. Sie liefern die Qualit\u00e4t, auf die die Industrie bauen und vertrauen [&hellip;]<\/p>\n","protected":false},"author":22,"featured_media":0,"parent":0,"menu_order":0,"comment_status":"closed","ping_status":"closed","template":"","meta":{"_acf_changed":false,"footnotes":""},"class_list":["post-6780","page","type-page","status-publish","hentry"],"acf":[],"_links":{"self":[{"href":"https:\/\/www.felstrom.com\/de\/wp-json\/wp\/v2\/pages\/6780","targetHints":{"allow":["GET"]}}],"collection":[{"href":"https:\/\/www.felstrom.com\/de\/wp-json\/wp\/v2\/pages"}],"about":[{"href":"https:\/\/www.felstrom.com\/de\/wp-json\/wp\/v2\/types\/page"}],"author":[{"embeddable":true,"href":"https:\/\/www.felstrom.com\/de\/wp-json\/wp\/v2\/users\/22"}],"replies":[{"embeddable":true,"href":"https:\/\/www.felstrom.com\/de\/wp-json\/wp\/v2\/comments?post=6780"}],"version-history":[{"count":7,"href":"https:\/\/www.felstrom.com\/de\/wp-json\/wp\/v2\/pages\/6780\/revisions"}],"predecessor-version":[{"id":8254,"href":"https:\/\/www.felstrom.com\/de\/wp-json\/wp\/v2\/pages\/6780\/revisions\/8254"}],"wp:attachment":[{"href":"https:\/\/www.felstrom.com\/de\/wp-json\/wp\/v2\/media?parent=6780"}],"curies":[{"name":"wp","href":"https:\/\/api.w.org\/{rel}","templated":true}]}}